{"id":31550,"date":"2018-09-04T22:54:26","date_gmt":"2018-09-04T22:54:26","guid":{"rendered":"https:\/\/museemontrealjuif.ca\/traces\/"},"modified":"2025-09-19T20:54:34","modified_gmt":"2025-09-19T20:54:34","slug":"laisser-leurs-traces","status":"publish","type":"page","link":"https:\/\/museemontrealjuif.ca\/fr\/laisser-leurs-traces\/","title":{"rendered":"Laisser leurs traces"},"content":{"rendered":"<div class=\"wpb-content-wrapper\"><p>[vc_row full_width=\u00a0\u00bbstretch_row_content_no_spaces\u00a0\u00bb css=\u00a0\u00bb.vc_custom_1568678692176{margin-bottom: 0px !important;background-image: url(https:\/\/museemontrealjuif.ca\/wp-content\/uploads\/2018\/09\/MTM_background-1.jpg?id=31813) !important;background-position: center !important;background-repeat: no-repeat !important;background-size: cover !important;}\u00a0\u00bb el_class=\u00a0\u00bbtour_background\u00a0\u00bb][vc_column width=\u00a0\u00bb1\/2&Prime; el_class=\u00a0\u00bbtour_background\u00a0\u00bb offset=\u00a0\u00bbvc_hidden-md vc_hidden-sm vc_hidden-xs\u00a0\u00bb][\/vc_column][vc_column offset=\u00a0\u00bbvc_col-lg-6 vc_col-md-12 vc_col-xs-12&Prime;][vc_row_inner][vc_column_inner offset=\u00a0\u00bbvc_hidden-xs\u00a0\u00bb][vc_empty_space height=\u00a0\u00bb72&Prime;][\/vc_column_inner][\/vc_row_inner][vc_row_inner][vc_column_inner offset=\u00a0\u00bbvc_hidden-md vc_hidden-sm vc_hidden-xs\u00a0\u00bb][vc_column_text]<\/p>\n<h1><span style=\"color: #e84d21;\">LAISSER LEURS TRACES<\/span><\/h1>\n<p>[\/vc_column_text][\/vc_column_inner][\/vc_row_inner][vc_row_inner][vc_column_inner offset=\u00a0\u00bbvc_hidden-lg vc_col-md-offset-0&Prime;][vc_column_text]<\/p>\n<h1 class=\"title-h1 title-xlarge\" style=\"text-align: center;\"><span style=\"color: #e84d21;\">LAISSER LEURS TRACES<\/span><\/h1>\n<p>[\/vc_column_text][\/vc_column_inner][\/vc_row_inner][vc_row_inner][vc_column_inner offset=\u00a0\u00bbvc_col-lg-offset-1 vc_col-lg-9 vc_col-md-offset-1 vc_col-md-10&Prime; css=\u00a0\u00bb.vc_custom_1534520988750{background-color: rgba(255,255,255,0.41) !important;*background-color: rgb(255,255,255) !important;border-radius: 5px !important;}\u00a0\u00bb][vc_column_text css=\u00a0\u00bb.vc_custom_1536868860140{padding-right: 40px !important;padding-bottom: 20px !important;padding-left: 40px !important;}\u00a0\u00bb]De la fin du 20e si\u00e8cle aux ann\u00e9es 1950, l\u2019actuel quartier du plateau constituait l\u2019\u00e9picentre de la vie juive montr\u00e9alaise, alors qu\u2019abondaient des dizaines de milliers d\u2019immigrants juifs venus d\u2019Europe de l\u2019Est. D\u00e9couvrez comment ils ont travaill\u00e9, pri\u00e9 et se sont soutenus les uns les autres au fur et \u00e0 mesure qu\u2019ils construisaient de nouvelles vies \u00e0 Montr\u00e9al. Notre promenade nous fait d\u00e9couvrir les synagogues, les \u00e9coles, les h\u00f4pitaux ainsi que les organisations culturelles que ces immigrants juifs ont \u00e9tablis, lieux ayant laiss\u00e9 une empreinte sur la soci\u00e9t\u00e9 montr\u00e9alaise d\u2019aujourd\u2019hui. Plongez au c\u0153ur des histoires juives qui avaient lieu dans les rues et les b\u00e2timents de ce quartier anim\u00e9. Veuillez noter que la promenade conclura au coin de la rue Bagg et de la rue Clark.[\/vc_column_text][\/vc_column_inner][\/vc_row_inner][vc_row_inner disable_element=\u00a0\u00bbyes\u00a0\u00bb][vc_column_inner offset=\u00a0\u00bbvc_col-lg-offset-1 vc_col-lg-5 vc_col-xs-12&Prime;]<style type=\"text\/css\">.thegem-button-69e5ea86eff00423 .gem-button svg {fill: #ffffff;}.thegem-button-69e5ea86eff00423 .gem-button:hover svg {fill: #efefef;}<\/style><div class=\"gem-button-container gem-button-position-center thegem-button-69e5ea86eff00423    \"  ><a class=\"gem-button gem-button-size-large gem-button-style-flat gem-button-text-weight-normal\" data-ll-effect=\"drop-right-without-wrap\" style=\"border-radius: 10px;background-color: #e84d21;color: #ffffff;\" onmouseleave=\"this.style.backgroundColor='#e84d21';this.style.color='#ffffff';\" onmouseenter=\"this.style.backgroundColor='#e87151';this.style.color='#efefef';\" href=\"https:\/\/fareharbor.com\/embeds\/book\/museemontrealjuif\/items\/379637\/?full-items=yes&#038;flow=no&#038;language=fr-ca\" target=\"_blank\">BILLETS<\/a><\/div> [\/vc_column_inner][\/vc_row_inner][vc_row_inner][vc_column_inner offset=\u00a0\u00bbvc_hidden-xs\u00a0\u00bb][vc_empty_space height=\u00a0\u00bb28&Prime;][\/vc_column_inner][\/vc_row_inner][vc_row_inner][vc_column_inner offset=\u00a0\u00bbvc_col-lg-offset-1 vc_col-lg-4 vc_col-md-offset-1&Prime;]<div class=\"gem-icon-with-text gem-icon-with-text-icon-size-small\" ><div style=\"margin-bottom:0px;margin-top:0px; \" class=\"gem-icon-with-text-icon\"><div class=\"gem-icon gem-icon-pack-material gem-icon-size-small  gem-icon-shape-circle \"  style=\"border-color: #ffa240;opacity: 1;\"><div class=\"gem-icon-inner\" style=\"\"><span class=\"gem-icon-half-1\" style=\"color: #ffa240;\"><span class=\"back-angle\">&#xf3e2;<\/span><\/span><span class=\"gem-icon-half-2\" style=\"color: #ffa240;\"><span class=\"back-angle\">&#xf3e2;<\/span><\/span><\/div><\/div><\/div><div class=\"gem-icon-with-text-content\" ><div class=\"gem-icon-with-text-text\">[vc_column_text css=\u00a0\u00bb.vc_custom_1535573529290{padding-top: 12px !important;padding-left: 8px !important;}\u00a0\u00bb]<\/p>\n<h5><span style=\"color: #ffa240;\"><strong>PLATEAU<\/strong><\/span><\/h5>\n<p>[\/vc_column_text]<\/div><\/div><div class=\"clearboth\"><\/div><\/div><div class=\"gem-icon-with-text gem-icon-with-text-icon-size-small\" ><div style=\"margin-bottom:0px;margin-top:0px; \" class=\"gem-icon-with-text-icon\"><div class=\"gem-icon gem-icon-pack-material gem-icon-size-small  gem-icon-shape-circle \"  style=\"border-color: #ffa240;opacity: 1;\"><div class=\"gem-icon-inner\" style=\"\"><span class=\"gem-icon-half-1\" style=\"color: #ffa240;\"><span class=\"back-angle\">&#xf221;<\/span><\/span><span class=\"gem-icon-half-2\" style=\"color: #ffa240;\"><span class=\"back-angle\">&#xf221;<\/span><\/span><\/div><\/div><\/div><div class=\"gem-icon-with-text-content\" ><div class=\"gem-icon-with-text-text\">[vc_column_text css=\u00a0\u00bb.vc_custom_1535569875042{padding-top: 12px !important;padding-left: 8px !important;}\u00a0\u00bb]<\/p>\n<h5><strong><span style=\"color: #ffa240;\">1.5 \u00e0 2 HEURES<\/span><\/strong><\/h5>\n<p>[\/vc_column_text]<\/div><\/div><div class=\"clearboth\"><\/div><\/div>[\/vc_column_inner][vc_column_inner offset=\u00a0\u00bbvc_col-lg-offset-1 vc_col-lg-5 vc_col-md-offset-1&Prime;]<div class=\"gem-icon-with-text gem-icon-with-text-icon-size-small\" ><div style=\"margin-bottom:0px;margin-top:0px; \" class=\"gem-icon-with-text-icon\"><div class=\"gem-icon gem-icon-pack-material gem-icon-size-small  gem-icon-shape-circle \"  style=\"border-color: #ffa240;opacity: 1;\"><div class=\"gem-icon-inner\" style=\"\"><span class=\"gem-icon-half-1\" style=\"color: #ffa240;\"><span class=\"back-angle\">&#xf4b7;<\/span><\/span><span class=\"gem-icon-half-2\" style=\"color: #ffa240;\"><span class=\"back-angle\">&#xf4b7;<\/span><\/span><\/div><\/div><\/div><div class=\"gem-icon-with-text-content\" ><div class=\"gem-icon-with-text-text\">[vc_column_text css=\u00a0\u00bb.vc_custom_1534968210170{padding-top: 12px !important;padding-left: 8px !important;}\u00a0\u00bb]<\/p>\n<h5><span style=\"color: #ffa240;\">VISITES GUID\u00c9ES \u00c0 PIED<\/span><\/h5>\n<p>[\/vc_column_text]<\/div><\/div><div class=\"clearboth\"><\/div><\/div><div class=\"gem-icon-with-text gem-icon-with-text-icon-size-small\" ><div style=\"margin-bottom:0px;margin-top:0px; \" class=\"gem-icon-with-text-icon\"><div class=\"gem-icon gem-icon-pack-material gem-icon-size-small  gem-icon-shape-circle \"  style=\"border-color: #ffa240;opacity: 1;\"><div class=\"gem-icon-inner\" style=\"\"><span class=\"gem-icon-half-1\" style=\"color: #ffa240;\"><span class=\"back-angle\">&#xf217;<\/span><\/span><span class=\"gem-icon-half-2\" style=\"color: #ffa240;\"><span class=\"back-angle\">&#xf217;<\/span><\/span><\/div><\/div><\/div><div class=\"gem-icon-with-text-content\" ><div class=\"gem-icon-with-text-text\">[vc_column_text css=\u00a0\u00bb.vc_custom_1535487425483{padding-top: 12px !important;padding-left: 8px !important;}\u00a0\u00bb]<\/p>\n<h5><span style=\"color: #ffa240;\">EXT\u00c9RIEURES<\/span><\/h5>\n<p>[\/vc_column_text]<\/div><\/div><div class=\"clearboth\"><\/div><\/div>[\/vc_column_inner][\/vc_row_inner][vc_row_inner disable_element=\u00a0\u00bbyes\u00a0\u00bb css=\u00a0\u00bb.vc_custom_1758315272894{margin-top: 36px !important;}\u00a0\u00bb][vc_column_inner offset=\u00a0\u00bbvc_col-lg-offset-1 vc_col-lg-10 vc_col-xs-offset-1&Prime;][vc_column_text css=\u00a0\u00bb.vc_custom_1731606118604{padding-left: 10px !important;}\u00a0\u00bb]<\/p>\n<p style=\"text-align: center;\"><strong><span style=\"color: #ffffff;\">Veuillez noter que notre saison de visites \u00e0 pied est actuellement ferm\u00e9e &#8211; les visites r\u00e9guli\u00e8res reprendront en mai 2025.<\/span><\/strong><\/p>\n<p style=\"text-align: center;\"><strong><span style=\"color: #ffffff;\">Des visites priv\u00e9es peuvent \u00eatre demand\u00e9es hors saison en nous contactant \u00e0 l&rsquo;adresse tours@imjm.ca<\/span><\/strong><\/p>\n<p>[\/vc_column_text][\/vc_column_inner][\/vc_row_inner][vc_row_inner disable_element=\u00a0\u00bbyes\u00a0\u00bb css=\u00a0\u00bb.vc_custom_1649794578690{margin-top: 36px !important;}\u00a0\u00bb][vc_column_inner offset=\u00a0\u00bbvc_col-lg-offset-1 vc_col-lg-10 vc_hidden-md vc_hidden-sm vc_col-xs-offset-1 vc_hidden-xs\u00a0\u00bb][vc_column_text css=\u00a0\u00bb.vc_custom_1535566304283{padding-left: 10px !important;}\u00a0\u00bb]<\/p>\n<h4><span style=\"color: #ffffff;\"><strong>TARIFS<\/strong><\/span><\/h4>\n<p>[\/vc_column_text][vc_separator color=\u00a0\u00bbwhite\u00a0\u00bb align=\u00a0\u00bbalign_left\u00a0\u00bb border_width=\u00a0\u00bb2&Prime;][\/vc_column_inner][\/vc_row_inner][vc_row_inner disable_element=\u00a0\u00bbyes\u00a0\u00bb][vc_column_inner width=\u00a0\u00bb1\/2&Prime; offset=\u00a0\u00bbvc_col-lg-offset-1 vc_col-lg-4 vc_hidden-md vc_hidden-sm vc_hidden-xs\u00a0\u00bb][vc_column_text css=\u00a0\u00bb.vc_custom_1680276615390{padding-left: 36px !important;}\u00a0\u00bb]<\/p>\n<h5><span style=\"color: #ffffff;\">25$\u2003ADULTES<\/span><\/h5>\n<p>[\/vc_column_text][vc_column_text css=\u00a0\u00bb.vc_custom_1680276629777{padding-left: 36px !important;}\u00a0\u00bb]<\/p>\n<h5><span style=\"color: #ffffff;\">23$\u200365+ ANS<\/span><\/h5>\n<p>[\/vc_column_text][vc_column_text css=\u00a0\u00bb.vc_custom_1680276636412{padding-left: 36px !important;}\u00a0\u00bb]<\/p>\n<h5><span style=\"color: #ffffff;\">13$\u2003\u00c9TUDIANTS<\/span><\/h5>\n<p>[\/vc_column_text][\/vc_column_inner][vc_column_inner width=\u00a0\u00bb1\/2&Prime; offset=\u00a0\u00bbvc_col-lg-offset-0 vc_col-lg-5 vc_hidden-md vc_hidden-sm vc_hidden-xs\u00a0\u00bb][vc_column_text css=\u00a0\u00bb.vc_custom_1680276646848{padding-left: 36px !important;}\u00a0\u00bb]<\/p>\n<h5><span style=\"color: #ffffff;\">13$\u200313 \u00c0 17 ANS<\/span><\/h5>\n<p>[\/vc_column_text][vc_column_text css=\u00a0\u00bb.vc_custom_1680276653390{padding-left: 36px !important;}\u00a0\u00bb]<\/p>\n<h5><span style=\"color: #ffffff;\">8$\u2003 8 \u00c0 12 ANS<\/span><\/h5>\n<p>[\/vc_column_text][vc_column_text css=\u00a0\u00bb.vc_custom_1536094079513{padding-left: 36px !important;}\u00a0\u00bb]<\/p>\n<h5><span style=\"color: #ffffff;\">0 \u00c0 7 ANS GRATUIT<\/span><\/h5>\n<p>[\/vc_column_text][\/vc_column_inner][\/vc_row_inner][vc_row_inner disable_element=\u00a0\u00bbyes\u00a0\u00bb][vc_column_inner width=\u00a0\u00bb1\/2&Prime; offset=\u00a0\u00bbvc_col-lg-offset-1 vc_col-lg-10 vc_hidden-md vc_hidden-sm vc_hidden-xs\u00a0\u00bb][vc_separator color=\u00a0\u00bbwhite\u00a0\u00bb align=\u00a0\u00bbalign_left\u00a0\u00bb border_width=\u00a0\u00bb2&Prime;][vc_column_text css=\u00a0\u00bb.vc_custom_1680276670324{padding-right: 24px !important;padding-left: 0px !important;}\u00a0\u00bb]<\/p>\n<p style=\"text-align: left;\"><span style=\"color: #ffffff;\"><em>Les prix n\u2019incluent pas les taxes et sont sujets \u00e0 des frais suppl\u00e9mentaires de Fareharbor. Pour r\u00e9server une visite priv\u00e9e en groupe, envoyez un message \u00e0 <span style=\"color: #ccffff;\"><a style=\"color: #ccffff;\" href=\"mailto:tours@imjm.ca\">tours@imjm.ca<\/a><\/span><\/em><\/span><\/p>\n<p>[\/vc_column_text][\/vc_column_inner][\/vc_row_inner][vc_row_inner disable_element=\u00a0\u00bbyes\u00a0\u00bb][vc_column_inner offset=\u00a0\u00bbvc_hidden-lg\u00a0\u00bb][vc_column_text]<\/p>\n<h4 style=\"text-align: center;\"><strong><span style=\"color: #ffffff;\">TARIFS<\/span><\/strong><\/h4>\n<p>[\/vc_column_text][vc_column_text]<\/p>\n<h5 style=\"text-align: center;\"><span style=\"color: #ffffff;\">25$\u2003ADULTES<\/span><\/h5>\n<p>[\/vc_column_text][vc_column_text]<\/p>\n<h5 style=\"text-align: center;\"><span style=\"color: #ffffff;\">23$\u200365+ ANS<\/span><\/h5>\n<p>[\/vc_column_text][vc_column_text]<\/p>\n<h5 style=\"text-align: center;\"><span style=\"color: #ffffff;\">13$\u2003\u00c9TUDIANTS<\/span><\/h5>\n<p>[\/vc_column_text][vc_column_text]<\/p>\n<h5 style=\"text-align: center;\"><span style=\"color: #ffffff;\">13$\u200313 \u00c0 17 ANS<\/span><\/h5>\n<p>[\/vc_column_text][vc_column_text css=\u00a0\u00bb.vc_custom_1680276717889{padding-left: 0px !important;}\u00a0\u00bb]<\/p>\n<h5 style=\"text-align: left;\"><span style=\"color: #ffffff;\">8$\u2003 8 \u00c0 12 ANS<\/span><\/h5>\n<p>[\/vc_column_text][vc_column_text]<\/p>\n<h5 style=\"text-align: center;\"><span style=\"color: #ffffff;\">0 \u00c0 7 ANS GRATUIT<\/span><\/h5>\n<p>[\/vc_column_text][vc_column_text css=\u00a0\u00bb.vc_custom_1680276736741{padding-right: 10px !important;padding-left: 10px !important;}\u00a0\u00bb]<\/p>\n<p style=\"text-align: center;\"><span style=\"color: #ffffff;\"><em>Les prix n\u2019incluent pas les taxes et sont sujets \u00e0 des frais suppl\u00e9mentaires de Fareharbor. Pour r\u00e9server une visite priv\u00e9e en groupe, envoyez un message \u00e0 <span style=\"color: #ccffff;\"><a style=\"color: #ccffff;\" href=\"mailto:tours@imjm.ca\">tours@imjm.ca<\/a><\/span><\/em><\/span><\/p>\n<p>[\/vc_column_text][\/vc_column_inner][\/vc_row_inner][vc_row_inner disable_element=\u00a0\u00bbyes\u00a0\u00bb][vc_column_inner width=\u00a0\u00bb1\/2&Prime;]<style type=\"text\/css\">.thegem-button-69e5ea86f030d8273 .gem-button svg {fill: #e84d21;}.thegem-button-69e5ea86f030d8273 .gem-button:hover svg {fill: #e87151;}<\/style><div class=\"gem-button-container gem-button-position-center thegem-button-69e5ea86f030d8273    \"  ><a class=\"gem-button gem-button-size-medium gem-button-style-outline gem-button-text-weight-normal gem-button-border-2\" data-ll-effect=\"drop-right-without-wrap\" style=\"border-radius: 10px;border-color: #e84d21;color: #e84d21;\" onmouseleave=\"this.style.borderColor='#e84d21';this.style.backgroundColor='transparent';this.style.color='#e84d21';\" onmouseenter=\"this.style.borderColor='#e87151';this.style.backgroundColor='#d7d7d8';this.style.color='#e87151';\" href=\"https:\/\/www.eztix.co\/ezbook\/en\/359771\" target=\"_self\">BILLETS<\/a><\/div> [\/vc_column_inner][vc_column_inner width=\u00a0\u00bb1\/2&Prime;]<style type=\"text\/css\">.thegem-button-69e5ea86f03939454 .gem-button svg {fill: #e84d21;}.thegem-button-69e5ea86f03939454 .gem-button:hover svg {fill: #e87151;}<\/style><div class=\"gem-button-container gem-button-position-center thegem-button-69e5ea86f03939454    \"  ><a class=\"gem-button gem-button-size-medium gem-button-style-outline gem-button-text-weight-normal gem-button-border-2\" data-ll-effect=\"drop-right-without-wrap\" style=\"border-radius: 10px;border-color: #e87151;color: #e84d21;\" onmouseleave=\"this.style.borderColor='#e87151';this.style.backgroundColor='transparent';this.style.color='#e84d21';\" onmouseenter=\"this.style.borderColor='#e87151';this.style.backgroundColor='#d7d7d8';this.style.color='#e87151';\" href=\"https:\/\/museemontrealjuif.ca\/fr\/calendrier-visites\/\" target=\"_self\">CALENDRIER<\/a><\/div> [\/vc_column_inner][\/vc_row_inner][vc_row_inner disable_element=\u00a0\u00bbyes\u00a0\u00bb][vc_column_inner offset=\u00a0\u00bbvc_col-lg-offset-0 vc_col-lg-11&Prime;][vc_tta_tabs style=\u00a0\u00bbmodern\u00a0\u00bb color=\u00a0\u00bbchino\u00a0\u00bb spacing=\u00a0\u00bb\u00a0\u00bb gap=\u00a0\u00bb1&Prime; active_section=\u00a0\u00bb1&Prime;][vc_tta_section title=\u00a0\u00bbCe \u00e0 quoi s\u2019attendre\u00a0\u00bb tab_id=\u00a0\u00bb1534441547708-8c10e766-fabb\u00a0\u00bb el_class=\u00a0\u00bbWTE\u00a0\u00bb][vc_column_text]<\/p>\n<ul>\n<li>Vous allez en apprendre sur les fondations de la communaut\u00e9 juive de Montr\u00e9al tout en explorant le quartier \u00e9clectique du Plateau, qui fut l\u2019\u00e9picentre de la cette communaut\u00e9 \u00e0 Montr\u00e9al au d\u00e9but du 20\u00e8me si\u00e8cle.<\/li>\n<li>Contemplez la magnifique Shul de la rue Bagg. Ce site historique est la derni\u00e8re synagogue op\u00e9rationnelle du Plateau.<\/li>\n<li>Visitez deux institutions culinaires embl\u00e9matiques: Schwartz\u2019s et Moishe\u2019s.<\/li>\n<li>D\u00e9ambulez le long du boulevard St-Laurent, une rue populaire qui vous donnera un aper\u00e7u de l\u2019art de rue de Montr\u00e9al, dont ses murales nombreuses et vari\u00e9es.<\/li>\n<li>Nos guides amicaux et habiles sont des chercheurs de niveau universitaire et seront en mesure de r\u00e9pondre \u00e0 vos questions et m\u00e8neront toutes sortes de discussion pendant la visite.<\/li>\n<\/ul>\n<p>[\/vc_column_text][\/vc_tta_section][vc_tta_section title=\u00a0\u00bbLieux de rencontre\u00a0\u00bb tab_id=\u00a0\u00bb1534441547756-2559f9ff-bf27&Prime;][vc_column_text]<span style=\"color: #151617;\"><b>POINT DE D\u00c9PART<br \/>\n<\/b><span style=\"font-weight: 400;\">4040 boul. St-Laurent (intersection Duluth)<\/span><\/span><\/p>\n<p><span style=\"color: #151617;\"><b>DESTINATION FINALE<br \/>\n<\/b><span style=\"font-weight: 400;\">4040 boul. St-Laurent (intersection Duluth)<\/span><br \/>\n<\/span>[\/vc_column_text][vc_gmaps link=\u00a0\u00bb#E-8_JTNDaWZyYW1lJTIwc3JjJTNEJTIyaHR0cHMlM0ElMkYlMkZ3d3cuZ29vZ2xlLmNvbSUyRm1hcHMlMkZkJTJGdSUyRjAlMkZlbWJlZCUzRm1pZCUzRDFMZXpCaDlpUkJwNjdqOVA2TkY2T2JwRk5BcE9CakJuNSUyMiUyMHdpZHRoJTNEJTIyNjQwJTIyJTIwaGVpZ2h0JTNEJTIyNDgwJTIyJTNFJTNDJTJGaWZyYW1lJTNF\u00a0\u00bb size=\u00a0\u00bb\u00a0\u00bb style=\u00a0\u00bb1&Prime;][\/vc_tta_section][vc_tta_section title=\u00a0\u00bbAccessibilit\u00e9\u00a0\u00bb tab_id=\u00a0\u00bb1534441595499-917a026c-1877&Prime;][vc_column_text]<\/p>\n<ul>\n<li style=\"font-weight: 400;\"><span style=\"font-weight: 400; color: #151617;\">Marche mod\u00e9r\u00e9e (la visite s\u2019\u00e9tend sur 2 km et dure de 1.5 \u00e0 2 heures)<\/span><\/li>\n<li style=\"font-weight: 400;\"><span style=\"font-weight: 400; color: #151617;\">SVP informez le Mus\u00e9e de n\u2019importe quels besoins d\u2019accessibilit\u00e9 lors de votre r\u00e9servation. Les visites peuvent g\u00e9n\u00e9ralement accommoder les diff\u00e9rents besoins.<\/span><\/li>\n<li style=\"font-weight: 400;\"><span style=\"font-weight: 400; color: #151617;\">Notez que les trottoirs et rues \u00e0 Montr\u00e9al sont souvent sous construction et mal entretenus, ce qui pourrait poser probl\u00e8me \u00e0 certaines personnes.<\/span><\/li>\n<\/ul>\n<p>[\/vc_column_text][\/vc_tta_section][vc_tta_section title=\u00a0\u00bbPolitique de r\u00e9servation\u00a0\u00bb tab_id=\u00a0\u00bb1534441610204-b1392f7a-17ab\u00a0\u00bb][vc_column_text]<\/p>\n<ul>\n<li><span style=\"font-weight: 400; color: #151617;\">Les \u00e9changes de billets pour les visites doivent \u00eatre demand\u00e9es 48 heures \u00e0 l\u2019avance, et seules les annulations faites 24 heures \u00e0 l\u2019avance de la visite seront rembours\u00e9es. Les annulations avec un avis de moins de 24 heures seront seulement rembours\u00e9es dans l\u2019\u00e9v\u00e9nement de temp\u00eates ou \u00e0 la pr\u00e9sence d\u2019\u00e9clairs.<\/span><\/li>\n<li><span style=\"color: #151617;\">Pour r\u00e9server une visite priv\u00e9e en groupe, envoyez un message \u00e0<\/span>\u00a0<a href=\"mailto:tours@imjm.ca\" target=\"_blank\" rel=\"noopener noreferrer\">tours@imjm.ca<\/a>.<\/li>\n<li style=\"font-weight: 400;\"><span style=\"font-weight: 400; color: #151617;\">Nous ne fournissons pas de visites avez autobus, bicycles, ou voitures. Nous pouvons toutefois vous recommander d\u2019autres visites avec autobus ou voitures, si d\u00e9sir\u00e9.<\/span><\/li>\n<li style=\"font-weight: 400;\"><span style=\"font-weight: 400; color: #151617;\">Nos visites guid\u00e9es ext\u00e9rieures op\u00e8rent d\u00e8s la mi-Mars jusqu\u2019\u00e0 la mi-Novembre (si les conditions m\u00e9t\u00e9orologiques le permettent). Les dates pour les visites publiques sont rendues disponibles un minimum de 2 mois avant la date de la visite.<\/span><\/li>\n<li style=\"font-weight: 400;\"><span style=\"font-weight: 400; color: #151617;\">SLes demandes sp\u00e9ciales pour des visites priv\u00e9es lors de la saison entre la mi-Novembre et la mi-Mars peuvent \u00eatre arrang\u00e9es (si la m\u00e9t\u00e9o le permet); veuillez contacter <span style=\"color: #ccffff;\"><a href=\"mailto:tours@imjm.ca\"><span style=\"color: #151617;\">tours@imjm.ca<\/span><\/a><span style=\"color: #151617;\"> pour toute demande de visite priv\u00e9e.<\/span><\/span><\/span><\/li>\n<\/ul>\n<p>[\/vc_column_text][\/vc_tta_section][vc_tta_section title=\u00a0\u00bbPROTOCOLES DE S\u00c9CURIT\u00c9\u00a0\u00bb tab_id=\u00a0\u00bb1594413465371-501ab6f9-11a0&Prime;][vc_column_text]<\/p>\n<ul>\n<li>Vous devez porter un masque ou une visi\u00e8re pour \u00eatre accueilli lors d&rsquo;une visite guid\u00e9e et vous ne devez pas enlever votre masque ou visi\u00e8re pendant la dur\u00e9e de la visite guid\u00e9e.<\/li>\n<li>Vous devez apporter votre propre masque ou visi\u00e8re. Le Mus\u00e9e ne vous en fournira pas.<\/li>\n<li>Vous devez maintenir, autant que possible, une distance de 2 m\u00e8tres entre vous-m\u00eame et les autres participants (qui ne font pas partie de votre famille) et le guide pendant la dur\u00e9e de la visite guid\u00e9e.<\/li>\n<li>La taille des groupes sera limit\u00e9e \u00e0 12 personnes.<\/li>\n<li>Toute personne qui ne se sent pas bien ou qui a des sympt\u00f4mes de rhume ou de grippe ne devrait pas assister \u00e0 la visite et sera autoris\u00e9e \u00e0 reporter sa visite ou \u00e0 recevoir un remboursement pour les billets achet\u00e9s.<\/li>\n<li>\u00c0 partir du 1er septembre 2021, le gouvernement du Qu\u00e9bec exige que toutes les personnes \u00e2g\u00e9es de 13 ans et plus aient\u00a0<a href=\"https:\/\/www.quebec.ca\/sante\/problemes-de-sante\/a-z\/coronavirus-2019\/deroulement-vaccination-contre-la-covid-19\/passeport-de-vaccination-covid-19\/lieux-et-activites-exigeant-passeport-vaccinal-covid-19\">une preuve de vaccination pour les visites guid\u00e9es<\/a>.<\/li>\n<\/ul>\n<p>[\/vc_column_text][\/vc_tta_section][\/vc_tta_tabs][\/vc_column_inner][\/vc_row_inner][vc_row_inner][vc_column_inner][vc_column_text]<em style=\"font-weight: 100;\">\u00a9 JGH Archives HGJ. ID #1PF7.9.2.2a. Reproduit avec l&rsquo;autorisation de les <a href=\"https:\/\/www.jgh.ca\/about-us\/jgh-archives\/\" target=\"_blank\" rel=\"noopener noreferrer\"><strong>A<\/strong><strong>rchives de l&rsquo;H\u00f4pital g\u00e9n\u00e9ral juif<\/strong><\/a><\/em>[\/vc_column_text][\/vc_column_inner][\/vc_row_inner][\/vc_column][\/vc_row]<\/p>\n<\/div>","protected":false},"excerpt":{"rendered":"<p>[vc_row full_width=\u00a0\u00bbstretch_row_content_no_spaces\u00a0\u00bb css=\u00a0\u00bb.vc_custom_1568678692176{margin-bottom: 0px !important;background-image: url(https:\/\/museemontrealjuif.ca\/wp-content\/uploads\/2018\/09\/MTM_background-1.jpg?id=31813) !important;background-position: center !important;background-repeat: no-repeat !important;background-size: cover !important;}\u00a0\u00bb el_class=\u00a0\u00bbtour_background\u00a0\u00bb][vc_column width=\u00a0\u00bb1\/2&Prime; el_class=\u00a0\u00bbtour_background\u00a0\u00bb offset=\u00a0\u00bbvc_hidden-md vc_hidden-sm vc_hidden-xs\u00a0\u00bb][\/vc_column][vc_column offset=\u00a0\u00bbvc_col-lg-6 vc_col-md-12 vc_col-xs-12&Prime;][vc_row_inner][vc_column_inner offset=\u00a0\u00bbvc_hidden-xs\u00a0\u00bb][vc_empty_space height=\u00a0\u00bb72&Prime;][\/vc_column_inner][\/vc_row_inner][vc_row_inner][vc_column_inner offset=\u00a0\u00bbvc_hidden-md vc_hidden-sm vc_hidden-xs\u00a0\u00bb][vc_column_text] LAISSER LEURS TRACES [\/vc_column_text][\/vc_column_inner][\/vc_row_inner][vc_row_inner][vc_column_inner offset=\u00a0\u00bbvc_hidden-lg vc_col-md-offset-0&Prime;][vc_column_text] LAISSER LEURS TRACES [\/vc_column_text][\/vc_column_inner][\/vc_row_inner][vc_row_inner][vc_column_inner offset=\u00a0\u00bbvc_col-lg-offset-1 vc_col-lg-9 vc_col-md-offset-1 vc_col-md-10&Prime; css=\u00a0\u00bb.vc_custom_1534520988750{background-color: rgba(255,255,255,0.41) !important;*background-color: rgb(255,255,255) !important;border-radius: 5px !important;}\u00a0\u00bb][vc_column_text css=\u00a0\u00bb.vc_custom_1536868860140{padding-right: 40px&#8230;<\/p>\n","protected":false},"author":5,"featured_media":0,"parent":0,"menu_order":0,"comment_status":"closed","ping_status":"closed","template":"","meta":{"footnotes":""},"class_list":["post-31550","page","type-page","status-publish"],"_links":{"self":[{"href":"https:\/\/museemontrealjuif.ca\/fr\/wp-json\/wp\/v2\/pages\/31550","targetHints":{"allow":["GET"]}}],"collection":[{"href":"https:\/\/museemontrealjuif.ca\/fr\/wp-json\/wp\/v2\/pages"}],"about":[{"href":"https:\/\/museemontrealjuif.ca\/fr\/wp-json\/wp\/v2\/types\/page"}],"author":[{"embeddable":true,"href":"https:\/\/museemontrealjuif.ca\/fr\/wp-json\/wp\/v2\/users\/5"}],"replies":[{"embeddable":true,"href":"https:\/\/museemontrealjuif.ca\/fr\/wp-json\/wp\/v2\/comments?post=31550"}],"version-history":[{"count":0,"href":"https:\/\/museemontrealjuif.ca\/fr\/wp-json\/wp\/v2\/pages\/31550\/revisions"}],"wp:attachment":[{"href":"https:\/\/museemontrealjuif.ca\/fr\/wp-json\/wp\/v2\/media?parent=31550"}],"curies":[{"name":"wp","href":"https:\/\/api.w.org\/{rel}","templated":true}]}}