{"id":42851,"date":"2024-10-01T16:54:10","date_gmt":"2024-10-01T16:54:10","guid":{"rendered":"https:\/\/museemontrealjuif.ca\/locations\/"},"modified":"2025-08-06T17:56:22","modified_gmt":"2025-08-06T17:56:22","slug":"locations","status":"publish","type":"page","link":"https:\/\/museemontrealjuif.ca\/fr\/locations\/","title":{"rendered":"Location d&rsquo;espaces"},"content":{"rendered":"<div class=\"wpb-content-wrapper\"><p>[vc_row full_width=\u00a0\u00bbstretch_row\u00a0\u00bb el_id=\u00a0\u00bbFix\u00e9\u00a0\u00bb css=\u00a0\u00bb.vc_custom_1556914121640{background-color: #fcfcfc !important;}\u00a0\u00bb][vc_column][vc_empty_space][vc_column_text css=\u00a0\u00bb\u00a0\u00bb]<\/p>\n<p style=\"text-align: center; font-family: Adelle W01 SemiBold, Arvo, serif; color: #eb5125; font-size: 300%; line-height: 1.3;\">Location d&rsquo;espaces<\/p>\n<p>[\/vc_column_text][vc_column_text css=\u00a0\u00bb\u00a0\u00bb]<\/p>\n<p style=\"text-align: center;\">Le 5220, boulevard Saint-Laurent est actuellement disponible \u00e0 la location pendant que nous pr\u00e9parons d&rsquo;importants travaux de r\u00e9novation. Veuillez noter que les amenities mentionn\u00e9es ci-dessous peuvent ne pas \u00eatre toutes disponibles, car nous avons d\u00e9m\u00e9nag\u00e9 et le site est actuellement ferm\u00e9 au public.<\/p>\n<p>[\/vc_column_text][vc_empty_space height=\u00a0\u00bb16px\u00a0\u00bb][vc_separator color=\u00a0\u00bbcustom\u00a0\u00bb style=\u00a0\u00bbdotted\u00a0\u00bb border_width=\u00a0\u00bb2&Prime; accent_color=\u00a0\u00bb#88888b\u00a0\u00bb][vc_column_text css=\u00a0\u00bb\u00a0\u00bb el_class=\u00a0\u00bbsubmenu\u00a0\u00bb]<\/p>\n<dl>\n<dt style=\"text-align: center; font-family: Adelle W01 SemiBold, Arvo, serif; font-size: 135%;\"><a href=\"#space\">A propos de l&rsquo;espace<\/a><\/dt>\n<dt style=\"text-align: center; font-family: Adelle W01 SemiBold, Arvo, serif; font-size: 135%;\"><a href=\"#amenities\">Am\u00e9nit\u00e9s<\/a><\/dt>\n<dt style=\"text-align: center; font-family: Adelle W01 SemiBold, Arvo, serif; font-size: 135%;\"><a href=\"#requests\">Demandes<\/a><\/dt>\n<dt style=\"text-align: center; font-family: Adelle W01 SemiBold, Arvo, serif; font-size: 135%;\"><a href=\"#accessibility\">Accessibilit\u00e9<\/a><\/dt>\n<\/dl>\n<p>[\/vc_column_text][vc_separator color=\u00a0\u00bbcustom\u00a0\u00bb style=\u00a0\u00bbdotted\u00a0\u00bb border_width=\u00a0\u00bb2&Prime; accent_color=\u00a0\u00bb#88888b\u00a0\u00bb][\/vc_column][\/vc_row][vc_row full_width=\u00a0\u00bbstretch_row_content\u00a0\u00bb content_placement=\u00a0\u00bbmiddle\u00a0\u00bb][vc_column thegem_content_alignment=\u00a0\u00bbcenter\u00a0\u00bb offset=\u00a0\u00bbvc_hidden-xs\u00a0\u00bb][vc_empty_space][\/vc_column][\/vc_row][vc_row equal_height=\u00a0\u00bbyes\u00a0\u00bb content_placement=\u00a0\u00bbtop\u00a0\u00bb disable_custom_paddings_mobile=\u00a0\u00bbtrue\u00a0\u00bb][vc_column width=\u00a0\u00bb1\/2&Prime; thegem_content_alignment=\u00a0\u00bbcenter\u00a0\u00bb][vc_single_image image=\u00a0\u00bb42636&Prime; img_size=\u00a0\u00bblarge\u00a0\u00bb css=\u00a0\u00bb\u00a0\u00bb][vc_single_image image=\u00a0\u00bb42638&Prime; img_size=\u00a0\u00bblarge\u00a0\u00bb css=\u00a0\u00bb\u00a0\u00bb][\/vc_column][vc_column width=\u00a0\u00bb1\/2&Prime;][vc_single_image image=\u00a0\u00bb42640&Prime; img_size=\u00a0\u00bblarge\u00a0\u00bb css=\u00a0\u00bb\u00a0\u00bb][vc_single_image image=\u00a0\u00bb42642&Prime; img_size=\u00a0\u00bblarge\u00a0\u00bb css=\u00a0\u00bb\u00a0\u00bb][\/vc_column][\/vc_row][vc_row content_placement=\u00a0\u00bbtop\u00a0\u00bb disable_custom_paddings_mobile=\u00a0\u00bbtrue\u00a0\u00bb el_id=\u00a0\u00bbspace\u00a0\u00bb css=\u00a0\u00bb.vc_custom_1720639679963{padding-top: 32px !important;}\u00a0\u00bb][vc_column width=\u00a0\u00bb1\/4&Prime;][vc_column_text css=\u00a0\u00bb\u00a0\u00bb]<span style=\"text-align: center; font-family: Adelle W01 SemiBold, Arvo, serif; color: #eb5125; font-size: 200%; line-height: 1.2;\">\u00c0 propos de l&rsquo;espace<\/span>[\/vc_column_text][\/vc_column][vc_column width=\u00a0\u00bb3\/4&Prime; thegem_content_alignment=\u00a0\u00bbcenter\u00a0\u00bb][vc_column_text css=\u00a0\u00bb\u00a0\u00bb]<\/p>\n<p style=\"text-align: left;\">Le rez-de-chauss\u00e9e et la mezzanine, les salles de conf\u00e9rence et de classe du deuxi\u00e8me \u00e9tage et la galerie du troisi\u00e8me \u00e9tage peuvent \u00eatre lou\u00e9s pour votre prochain \u00e9v\u00e9nement, r\u00e9union ou f\u00eate!<\/p>\n<p style=\"text-align: left;\"><strong>Espace brut : <\/strong><span style=\"font-weight: 400;\">Nous sommes ravis d&rsquo;offrir notre espace en location, mais notre mus\u00e9e n&rsquo;est pas encore enti\u00e8rement \u00e9quip\u00e9 alors que nous nous pr\u00e9parons \u00e0 des r\u00e9novations et \u00e0 des mises \u00e0 niveau en 2025. Le b\u00e2timent du mus\u00e9e est actuellement un peu comme un \u00ab espace brut \u00bb avec des am\u00e9nit\u00e9s suppl\u00e9mentaires limit\u00e9es. Vous trouverez ci-dessous une liste de ces am\u00e9nit\u00e9s. <\/span><\/p>\n<p>[\/vc_column_text]<style type=\"text\/css\">.thegem-button-69e0f90694f58755 .gem-button svg {fill: #ffffff;}.thegem-button-69e0f90694f58755 .gem-button:hover svg {fill: #eb5125;}<\/style><div class=\"gem-button-container gem-button-position-center thegem-button-69e0f90694f58755    \"  ><a class=\"gem-button gem-button-size-medium gem-button-style-flat gem-button-text-weight-normal\" data-ll-effect=\"drop-right-without-wrap\" style=\"border-radius: 3px;background-color: #eb5125;color: #ffffff;\" onmouseleave=\"this.style.backgroundColor='#eb5125';this.style.color='#ffffff';\" onmouseenter=\"this.style.backgroundColor='#e0e0e0';this.style.color='#eb5125';\" href=\"https:\/\/museemontrealjuif.ca\/wp-content\/uploads\/2024\/07\/5220-rental-floorplan-1.pdf\" target=\"_self\">plan d&#039;\u00e9tage<\/a><\/div> [\/vc_column][\/vc_row][vc_row][vc_column offset=\u00a0\u00bbvc_hidden-xs\u00a0\u00bb][vc_empty_space][vc_separator color=\u00a0\u00bbcustom\u00a0\u00bb style=\u00a0\u00bbdotted\u00a0\u00bb border_width=\u00a0\u00bb2&Prime; accent_color=\u00a0\u00bb#88888b\u00a0\u00bb][\/vc_column][\/vc_row][vc_row disable_custom_paddings_mobile=\u00a0\u00bbtrue\u00a0\u00bb el_id=\u00a0\u00bbamenities\u00a0\u00bb css=\u00a0\u00bb.vc_custom_1720640059665{padding-top: 32px !important;}\u00a0\u00bb][vc_column width=\u00a0\u00bb1\/4&Prime;][vc_column_text css=\u00a0\u00bb\u00a0\u00bb]<span style=\"text-align: center; font-family: Adelle W01 SemiBold, Arvo, serif; color: #eb5125; font-size: 200%;\">Am\u00e9nit\u00e9s<\/span>[\/vc_column_text][\/vc_column][vc_column width=\u00a0\u00bb3\/4&Prime;][vc_column_text css=\u00a0\u00bb\u00a0\u00bb]<strong>Les \u00e9quipements suivants sont inclus dans les locations de salles (en fonction des disponibilit\u00e9s)<\/strong><\/p>\n<ul>\n<li style=\"font-weight: 400;\" aria-level=\"1\"><span style=\"font-weight: 400;\">Les salles de bains du premier et du deuxi\u00e8me \u00e9tage seront nettoy\u00e9es et approvisionn\u00e9es en serviettes en papier, en savon pour les mains et en papier hygi\u00e9nique avant la location ;<\/span><\/li>\n<li style=\"font-weight: 400;\" aria-level=\"1\"><span style=\"font-weight: 400;\">Zone de vestiaire avec 150 cintres ;<\/span><\/li>\n<li style=\"font-weight: 400;\" aria-level=\"1\"><span style=\"font-weight: 400;\">1 bureau d&rsquo;enregistrement (26\u201d W x 119\u201d L x 39.25\u201d H); <\/span><\/li>\n<li style=\"font-weight: 400;\" aria-level=\"1\"><span style=\"font-weight: 400;\">1 table de conf\u00e9rence (32\u201d W x 66\u201d L x 28.5\u201d H), 7 tables pliantes;<\/span><\/li>\n<li style=\"font-weight: 400;\" aria-level=\"1\"><span style=\"font-weight: 400;\">4 tables de cocktail (r\u00e9glables en hauteur) et 12 tabourets de bar ;<\/span><\/li>\n<li style=\"font-weight: 400;\" aria-level=\"1\"><span style=\"font-weight: 400;\">3 tables rondes et 6 chaises ;<\/span><\/li>\n<li style=\"font-weight: 400;\" aria-level=\"1\"><span style=\"font-weight: 400;\">60 chaises noires pliantes ;<\/span><\/li>\n<li style=\"font-weight: 400;\" aria-level=\"1\"><span style=\"font-weight: 400;\">28 chaises de banquet rembourr\u00e9es ;<\/span><\/li>\n<li style=\"font-weight: 400;\" aria-level=\"1\"><span style=\"font-weight: 400;\">Syst\u00e8me audio de base (2 haut-parleurs, Mackie 1402VLZ4, 2 micros) ;<\/span><\/li>\n<li style=\"font-weight: 400;\" aria-level=\"1\"><span style=\"font-weight: 400;\">Bar (d\u00e9pla\u00e7able) Cuisinette (comprenant l&rsquo;acc\u00e8s au r\u00e9frig\u00e9rateur avec cong\u00e9lateur, micro-ondes, \u00e9vier) ;<\/span><\/li>\n<li style=\"font-weight: 400;\" aria-level=\"1\"><span style=\"font-weight: 400;\">Acc\u00e8s wifi pour les visiteurs ;<\/span><\/li>\n<li style=\"font-weight: 400;\" aria-level=\"1\"><span style=\"font-weight: 400;\">Le personnel du MMJ sur place pour aider \u00e0 l&rsquo;ouverture et \u00e0 la fermeture de la salle, et pour offrir une assistance en cas d&rsquo;urgence.<\/span><\/li>\n<\/ul>\n<p style=\"text-align: center;\"><strong>Am\u00e9nit\u00e9s et frais suppl\u00e9mentaires<\/strong><\/p>\n<p><span style=\"font-weight: 400;\"><strong>Personnel : <\/strong><\/span><span style=\"font-weight: 400;\">Pour les \u00e9v\u00e9nements de plus de 40 participants, du personnel suppl\u00e9mentaire est n\u00e9cessaire<\/span>.<\/p>\n<p><strong>Agents de s\u00e9curit\u00e9 :<\/strong> N\u00e9cessaire pour les \u00e9v\u00e9nements publics de plus de 25 personnes et les \u00e9v\u00e9nements priv\u00e9s de plus de 40 personnes.<\/p>\n<p><strong>Frais d&rsquo;installation technique :<\/strong> &lt;L&rsquo;\u00e9quipement audiovisuel (y compris les haut-parleurs, les microphones, les projecteurs et les \u00e9crans) et l&rsquo;assistance technique sur place sont offerts par le mus\u00e9e.<\/p>\n<p><strong>Service de bar <\/strong>: Barmans, permis RACJ pour servir ou vendre de l&rsquo;alcool, payer \u00e0 la consommation ou apporter son propre stock.<\/p>\n<p><strong>Services d&rsquo;enregistrement :<\/strong> Cr\u00e9ation d&rsquo;une page de billetterie en ligne et supervision des inscriptions, conception du contenu promotionnel, enregistrement au comptoir de r\u00e9ception.<\/p>\n<p>Les \u00e9l\u00e9ments suivants ne sont PAS inclus dans le contrat de location et sont \u00e0 la discr\u00e9tion et aux frais du locataire :<\/p>\n<ul>\n<li style=\"font-weight: 400;\" aria-level=\"1\"><span style=\"font-weight: 400;\">Personnel du vestiaire<\/span><\/li>\n<li style=\"font-weight: 400;\" aria-level=\"1\"><span style=\"font-weight: 400;\">Services de catering ou de restauration<\/span><\/li>\n<li style=\"font-weight: 400;\" aria-level=\"1\"><span style=\"font-weight: 400;\">Stationnement r\u00e9serv\u00e9 et\/ou avec voiturier<\/span><\/li>\n<li aria-level=\"1\">\u00c9clairage, technique ou d\u00e9corations suppl\u00e9mentaires<\/li>\n<\/ul>\n<p>[\/vc_column_text][\/vc_column][\/vc_row][vc_row][vc_column offset=\u00a0\u00bbvc_hidden-xs\u00a0\u00bb][vc_empty_space][vc_separator color=\u00a0\u00bbcustom\u00a0\u00bb style=\u00a0\u00bbdotted\u00a0\u00bb border_width=\u00a0\u00bb2&Prime; accent_color=\u00a0\u00bb#88888b\u00a0\u00bb][\/vc_column][\/vc_row][vc_row el_id=\u00a0\u00bbrequests\u00a0\u00bb css=\u00a0\u00bb.vc_custom_1722450414070{padding-top: 32px !important;}\u00a0\u00bb][vc_column width=\u00a0\u00bb1\/4&Prime;][vc_column_text css=\u00a0\u00bb\u00a0\u00bb]<span style=\"text-align: center; font-family: Adelle W01 SemiBold, Arvo, serif; color: #eb5125; font-size: 200%; line-height: 1.2;\">Demandes<\/span>[\/vc_column_text][\/vc_column][vc_column width=\u00a0\u00bb3\/4&Prime;][vc_column_text css=\u00a0\u00bb\u00a0\u00bb]Pour soumettre une demande de location et se renseigner sur les tarifs, veuillez envoyer un courriel \u00e0 pippa@imjm.ca avec les informations suivantes :<\/p>\n<ul>\n<li>Nom et coordonn\u00e9es, nom de l&rsquo;organisation\/soci\u00e9t\u00e9 (le cas \u00e9ch\u00e9ant)<\/li>\n<li>Date(s) et heure(s) pr\u00e9f\u00e9r\u00e9es de l&rsquo;\u00e9v\u00e9nement<\/li>\n<li>Br\u00e8ve description du type d&rsquo;\u00e9v\u00e9nement (tournage d&rsquo;un film, conf\u00e9rence\/expos\u00e9\/panel, \u00e9v\u00e9nement social, formation professionnelle\/r\u00e9union\/pr\u00e9sentation, \u00e9v\u00e9nement li\u00e9 au cycle de vie ou r\u00e9union de famille)<\/li>\n<li><a href=\"#amenities\">Am\u00e9nit\u00e9s<\/a> demand\u00e9es<\/li>\n<\/ul>\n<p>[\/vc_column_text]<style type=\"text\/css\">.thegem-button-69e0f906951053806 .gem-button svg {fill: #ffffff;}.thegem-button-69e0f906951053806 .gem-button:hover svg {fill: #eb5125;}<\/style><div class=\"gem-button-container gem-button-position-center thegem-button-69e0f906951053806    \"  ><a class=\"gem-button gem-button-size-medium gem-button-style-flat gem-button-text-weight-normal\" data-ll-effect=\"drop-right-without-wrap\" style=\"border-radius: 3px;background-color: #eb5125;color: #ffffff;\" onmouseleave=\"this.style.backgroundColor='#eb5125';this.style.color='#ffffff';\" onmouseenter=\"this.style.backgroundColor='#e0e0e0';this.style.color='#eb5125';\" href=\"mailto:pippa@imjm.ca\" target=\"_self\">Nous joindre<\/a><\/div> [\/vc_column][\/vc_row][vc_row][vc_column offset=\u00a0\u00bbvc_hidden-xs\u00a0\u00bb][vc_empty_space][vc_separator color=\u00a0\u00bbcustom\u00a0\u00bb style=\u00a0\u00bbdotted\u00a0\u00bb border_width=\u00a0\u00bb2&Prime; accent_color=\u00a0\u00bb#88888b\u00a0\u00bb][\/vc_column][\/vc_row][vc_row el_id=\u00a0\u00bbaccessibility\u00a0\u00bb css=\u00a0\u00bb.vc_custom_1556913846699{padding-top: 32px !important;}\u00a0\u00bb][vc_column width=\u00a0\u00bb1\/4&Prime;][vc_column_text]<span style=\"text-align: center; font-family: Adelle W01 SemiBold, Arvo, serif; color: #eb5125; font-size: 200%;\">Accessibilit\u00e9<\/span>[\/vc_column_text][\/vc_column][vc_column width=\u00a0\u00bb3\/4&Prime;][vc_column_text css=\u00a0\u00bb\u00a0\u00bb]<\/p>\n<ul>\n<li>Le rez-de-chauss\u00e9e du Mus\u00e9e du Montr\u00e9al juif est dot\u00e9 d&rsquo;une rampe pour fauteuils roulants et d&rsquo;une salle de bain \u00e9galement accessible. Il n&rsquo;y a pas d&rsquo;ouvre-porte automatique, mais un membre du personnel du Mus\u00e9e peut aider tout visiteur entrant dans le b\u00e2timent. Nous n&rsquo;avons pas d&rsquo;ascenseur, les deux \u00e9tages sup\u00e9rieurs ne sont donc pas accessibles aux personnes \u00e0 mobilit\u00e9 r\u00e9duite.<\/li>\n<\/ul>\n<p>[\/vc_column_text][\/vc_column][\/vc_row][vc_row][vc_column offset=\u00a0\u00bbvc_hidden-xs\u00a0\u00bb][vc_empty_space][vc_separator color=\u00a0\u00bbcustom\u00a0\u00bb style=\u00a0\u00bbdotted\u00a0\u00bb border_width=\u00a0\u00bb2&Prime; accent_color=\u00a0\u00bb#88888b\u00a0\u00bb][\/vc_column][\/vc_row][vc_row el_id=\u00a0\u00bbfaq\u00a0\u00bb css=\u00a0\u00bb.vc_custom_1556913881501{padding-top: 32px !important;}\u00a0\u00bb][vc_column width=\u00a0\u00bb1\/4&Prime;][vc_column_text]<span style=\"text-align: center; font-family: Adelle W01 SemiBold, Arvo, serif; color: #eb5125; font-size: 200%; line-height: 1.2;\">Questions fr\u00e9quentes<\/span>[\/vc_column_text][\/vc_column][vc_column width=\u00a0\u00bb3\/4&Prime;][vc_toggle title=\u00a0\u00bbO\u00f9 se trouve le mus\u00e9e ?\u00a0\u00bb css=\u00a0\u00bb\u00a0\u00bb]Le mus\u00e9e est situ\u00e9 au 5220 boulevard St-Laurent, \u00e0 l&rsquo;intersection boulevard Fairmount.<\/p>\n<ul>\n<li><strong>Lignes d&rsquo;autobus :<\/strong>\n<ul>\n<li>55 Nord (arr\u00eat Saint-Laurent \/ Fairmount), 55 Sud (arr\u00eat Saint-Urbain \/ Fairmount)<\/li>\n<li>51 Ouest (arr\u00eat Laurier\/St-Laurent), 51 Est (arr\u00eat St-Joseph\/St-Laurent)<\/li>\n<li><span style=\"font-weight: 400;\">80 nord ou sud (arr\u00eat du Parc \/ Fairmount)<\/span><\/li>\n<\/ul>\n<\/li>\n<li><strong>Stations de m\u00e9tro les plus proches<\/strong> : 10-12 minutes \u00e0 pied du M\u00e9tro Laurier<\/li>\n<li><strong>Stationnement<\/strong> : Le Mus\u00e9e du Montr\u00e9al juif n&rsquo;offre pas de stationnement sur place. Un parking payant dans la rue est disponible, mais limit\u00e9 \u00e0 certaines heures. Veuillez pr\u00e9voir suffisamment de temps pour trouver une place. Vous pouvez t\u00e9l\u00e9charger l&rsquo;application <a href=\"https:\/\/www.statdemtl.qc.ca\/en\/practical-info\/pmobileservice.html\">P$ Mobile Service<\/a> depuis l&rsquo;<a href=\"https:\/\/itunes.apple.com\/ca\/app\/p%24-mobile-service\/id535957293?mt=8\">App Store<\/a> et <a href=\"https:\/\/play.google.com\/store\/apps\/details?id=tc.tc.scsm.phonegap&amp;hl=en\">Google Play<\/a> pour recharger votre compteur \u00e0 distance.<\/li>\n<\/ul>\n<p>[\/vc_toggle][\/vc_column][\/vc_row]<\/p>\n<\/div>","protected":false},"excerpt":{"rendered":"<p>[vc_row full_width=\u00a0\u00bbstretch_row\u00a0\u00bb el_id=\u00a0\u00bbFix\u00e9\u00a0\u00bb css=\u00a0\u00bb.vc_custom_1556914121640{background-color: #fcfcfc !important;}\u00a0\u00bb][vc_column][vc_empty_space][vc_column_text css=\u00a0\u00bb\u00a0\u00bb] Location d&rsquo;espaces [\/vc_column_text][vc_column_text css=\u00a0\u00bb\u00a0\u00bb] Le 5220, boulevard Saint-Laurent est actuellement disponible \u00e0 la location pendant que nous pr\u00e9parons d&rsquo;importants travaux de r\u00e9novation. Veuillez noter que les amenities mentionn\u00e9es ci-dessous peuvent ne pas \u00eatre toutes disponibles, car nous avons d\u00e9m\u00e9nag\u00e9 et le site est&#8230;<\/p>\n","protected":false},"author":5,"featured_media":0,"parent":0,"menu_order":0,"comment_status":"closed","ping_status":"closed","template":"","meta":{"footnotes":""},"class_list":["post-42851","page","type-page","status-publish"],"_links":{"self":[{"href":"https:\/\/museemontrealjuif.ca\/fr\/wp-json\/wp\/v2\/pages\/42851","targetHints":{"allow":["GET"]}}],"collection":[{"href":"https:\/\/museemontrealjuif.ca\/fr\/wp-json\/wp\/v2\/pages"}],"about":[{"href":"https:\/\/museemontrealjuif.ca\/fr\/wp-json\/wp\/v2\/types\/page"}],"author":[{"embeddable":true,"href":"https:\/\/museemontrealjuif.ca\/fr\/wp-json\/wp\/v2\/users\/5"}],"replies":[{"embeddable":true,"href":"https:\/\/museemontrealjuif.ca\/fr\/wp-json\/wp\/v2\/comments?post=42851"}],"version-history":[{"count":0,"href":"https:\/\/museemontrealjuif.ca\/fr\/wp-json\/wp\/v2\/pages\/42851\/revisions"}],"wp:attachment":[{"href":"https:\/\/museemontrealjuif.ca\/fr\/wp-json\/wp\/v2\/media?parent=42851"}],"curies":[{"name":"wp","href":"https:\/\/api.w.org\/{rel}","templated":true}]}}